{"id":3,"date":"2025-09-25T17:59:57","date_gmt":"2025-09-25T17:59:57","guid":{"rendered":"http:\/\/caplot-it.fr\/?page_id=3"},"modified":"2025-11-23T21:51:35","modified_gmt":"2025-11-23T20:51:35","slug":"privacy-policy","status":"publish","type":"page","link":"https:\/\/caplot-it.fr\/?page_id=3","title":{"rendered":"Projet TSSR"},"content":{"rendered":"\n<h2 class=\"wp-block-heading\"><strong>Pr\u00e9sentation &amp; R\u00e9alisations<\/strong><\/h2>\n\n\n\n<p><em>Bienvenue sur la page de pr\u00e9sentation de mon projet de fin de formation TSSR (Technicien Sup\u00e9rieur Syst\u00e8mes et R\u00e9seaux).<br>Ce site rassemble toutes mes r\u00e9alisations, proc\u00e9dures techniques, et ressources documentaires, afin de vous offrir un aper\u00e7u structur\u00e9 du travail men\u00e9 tout au long de la formation.<\/em><\/p>\n\n\n\n<p>\u00c0 propos du projet<\/p>\n\n\n\n<figure class=\"wp-block-gallery has-nested-images columns-default is-cropped wp-block-gallery-1 is-layout-flex wp-block-gallery-is-layout-flex\">\n<figure class=\"wp-block-image size-large\"><img loading=\"lazy\" decoding=\"async\" width=\"1024\" height=\"575\" data-id=\"15\" src=\"https:\/\/caplot-it.fr\/wp-content\/uploads\/2025\/11\/generated-image-1-1024x575.jpg\" alt=\"\" class=\"wp-image-15\" srcset=\"https:\/\/caplot-it.fr\/wp-content\/uploads\/2025\/11\/generated-image-1-1024x575.jpg 1024w, https:\/\/caplot-it.fr\/wp-content\/uploads\/2025\/11\/generated-image-1-300x169.jpg 300w, https:\/\/caplot-it.fr\/wp-content\/uploads\/2025\/11\/generated-image-1-768x431.jpg 768w, https:\/\/caplot-it.fr\/wp-content\/uploads\/2025\/11\/generated-image-1-1536x863.jpg 1536w, https:\/\/caplot-it.fr\/wp-content\/uploads\/2025\/11\/generated-image-1-2048x1151.jpg 2048w\" sizes=\"auto, (max-width: 1024px) 100vw, 1024px\" \/><\/figure>\n<\/figure>\n\n\n\n<h2 class=\"wp-block-heading\">Mat\u00e9riels :<\/h2>\n\n\n\n<ul class=\"wp-block-list\">\n<li>Routeur principal&nbsp;:&nbsp;Cisco 891F<\/li>\n<\/ul>\n\n\n\n<ul class=\"wp-block-list\">\n<li>Commutateur central&nbsp;:&nbsp;HP 1810-24G<\/li>\n<\/ul>\n\n\n\n<ul class=\"wp-block-list\">\n<li>EdgeRouter Ubiquiti&nbsp;pour le routage avanc\u00e9<\/li>\n<\/ul>\n\n\n\n<ul class=\"wp-block-list\">\n<li>Point d\u2019acc\u00e8s UniFi&nbsp;pour la partie Wi-Fi segment\u00e9e<\/li>\n<\/ul>\n\n\n\n<ul class=\"wp-block-list\">\n<li>Serveurs Proxmox&nbsp;h\u00e9bergeant les VM<\/li>\n<\/ul>\n\n\n\n<ul class=\"wp-block-list\">\n<li>VLAN&nbsp;param\u00e9tr\u00e9s pour l\u2019isolation des diff\u00e9rents services<\/li>\n<\/ul>\n\n\n\n<hr class=\"wp-block-separator has-alpha-channel-opacity is-style-wide\" style=\"margin-bottom:var(--wp--preset--spacing--30)\"\/>\n\n\n\n<h2 class=\"wp-block-heading\" style=\"margin-top:0;margin-bottom:0\">Proc\u00e9dures et documentation<\/h2>\n\n\n\n<hr class=\"wp-block-separator has-alpha-channel-opacity is-style-wide\" style=\"margin-top:var(--wp--preset--spacing--20);margin-bottom:var(--wp--preset--spacing--20)\"\/>\n\n\n\n<h4 class=\"wp-block-heading\" style=\"margin-top:var(--wp--preset--spacing--30);margin-bottom:0\"><strong>Activit\u00e9 type 1 Exemple 1 : Configuration Cisco 891F<\/strong><\/h4>\n\n\n\n<div class=\"wp-block-file\"><a id=\"wp-block-file--media-a970f144-cb1e-4004-87b7-999cbb493298\" href=\"https:\/\/caplot-it.fr\/wp-content\/uploads\/2025\/11\/Configuration-du-routeur-Cisco-891F.pdf\" target=\"_blank\" rel=\"noreferrer noopener\"><em>Configuration du routeur Cisco 891F<\/em><\/a><\/div>\n\n\n\n<hr class=\"wp-block-separator has-alpha-channel-opacity is-style-wide\" style=\"margin-top:var(--wp--preset--spacing--10);margin-bottom:var(--wp--preset--spacing--20)\"\/>\n\n\n\n<h4 class=\"wp-block-heading\" style=\"line-height:1.2\"><strong>Activit\u00e9 type 1 Exemple 2 : EdgeRouter-X Ubiquiti et Switch HP 1810-24G<\/strong><\/h4>\n\n\n\n<div class=\"wp-block-file\" style=\"margin-top:var(--wp--preset--spacing--10);margin-bottom:var(--wp--preset--spacing--10);padding-top:0;padding-bottom:0\"><a id=\"wp-block-file--media-ca96cdb5-2eb5-4c45-abf2-4845e5b092af\" href=\"https:\/\/caplot-it.fr\/wp-content\/uploads\/2025\/11\/EdgeRouter-Switch-Tuto-Complet-2.pdf\" target=\"_blank\" rel=\"noreferrer noopener\"><em>EdgeRouter-Switch HP 1810-24G-Tuto-Complet<\/em><\/a><\/div>\n\n\n\n<hr class=\"wp-block-separator has-alpha-channel-opacity is-style-wide\" style=\"margin-top:var(--wp--preset--spacing--10);margin-bottom:var(--wp--preset--spacing--20)\"\/>\n\n\n\n<h4 class=\"wp-block-heading\" style=\"margin-bottom:var(--wp--preset--spacing--10)\"><strong>Activit\u00e9 type 1 Exemple 3 : Installation et configuration borne WiFi UniFi AC Lite<\/strong><\/h4>\n\n\n\n<div class=\"wp-block-file\" style=\"margin-top:0;margin-bottom:0;padding-top:0;padding-bottom:0\"><a id=\"wp-block-file--media-23f79e7a-6a71-4e13-8666-415da7997086\" href=\"https:\/\/caplot-it.fr\/wp-content\/uploads\/2025\/11\/UniFi-AC-Lite-Configuration.pdf\" target=\"_blank\" rel=\"noreferrer noopener\"><em>UniFi-AC-Lite-Configuration<\/em><\/a><\/div>\n\n\n\n<hr class=\"wp-block-separator has-alpha-channel-opacity is-style-wide\" style=\"margin-top:var(--wp--preset--spacing--10);margin-bottom:var(--wp--preset--spacing--20)\"\/>\n\n\n\n<h4 class=\"wp-block-heading\"><strong>Activit\u00e9 type 2 Exemple 1 : Installation Proxmox 2 serveurs<\/strong><\/h4>\n\n\n\n<div class=\"wp-block-file\"><a id=\"wp-block-file--media-7553f09d-3a43-4ab2-a133-7b7266804c4d\" href=\"https:\/\/caplot-it.fr\/wp-content\/uploads\/2025\/11\/Proxmox-Installation-Complet-2.pdf\" target=\"_blank\" rel=\"noreferrer noopener\"><em>Proxmox-Installation-Complet<\/em><\/a><\/div>\n\n\n\n<hr class=\"wp-block-separator has-alpha-channel-opacity is-style-wide\" style=\"margin-top:var(--wp--preset--spacing--10);margin-bottom:var(--wp--preset--spacing--20)\"\/>\n\n\n\n<h4 class=\"wp-block-heading is-style-wide\"><strong>Activit\u00e9 type 2 Exemple 2 : Configuration et gestion 15 VMs<\/strong><\/h4>\n\n\n\n<div class=\"wp-block-file\"><a id=\"wp-block-file--media-4906fbe2-f018-4a2c-9fe5-666c3a805bbf\" href=\"https:\/\/caplot-it.fr\/wp-content\/uploads\/2025\/11\/parametrages-essentiels-pour-chaque-service.pdf\" target=\"_blank\" rel=\"noreferrer noopener\"><em>param\u00e9trages essentiels pour chaque service<\/em><\/a><\/div>\n\n\n\n<div class=\"wp-block-file\"><a id=\"wp-block-file--media-4c09f247-f240-4b3b-ae0c-67193f2841ca\" href=\"https:\/\/caplot-it.fr\/wp-content\/uploads\/2025\/11\/Tutoriel-Acces-securise-a-Proxmox-via-VPN-avec-resolution-DNS-interne-specifique.pdf\" target=\"_blank\" rel=\"noreferrer noopener\"><em>Tutoriel Acc\u00e8s s\u00e9curis\u00e9 \u00e0 Proxmox via VPN avec r\u00e9solution DNS interne sp\u00e9cifique<\/em><\/a><\/div>\n\n\n\n<div class=\"wp-block-file\"><a id=\"wp-block-file--media-3392c0a2-5cbd-4746-ada1-ae75d725b674\" href=\"https:\/\/caplot-it.fr\/wp-content\/uploads\/2025\/11\/Tutoriel-dinstallation-des-serveurs-RDS-Broker-Remote-App-et-NBL.pdf\" target=\"_blank\" rel=\"noreferrer noopener\"><em>Tutoriel-d&rsquo;installation-des-serveurs-RDS-Broker-Remote-App-et-NBL<\/em><\/a><\/div>\n\n\n\n<div class=\"wp-block-file\"><a id=\"wp-block-file--media-9e6af356-d0e7-4563-9288-492d2ad54d52\" href=\"https:\/\/caplot-it.fr\/wp-content\/uploads\/2025\/11\/HA-Broker-mise-en-place-infra-seb-2.pdf\" target=\"_blank\" rel=\"noreferrer noopener\"><em>HA Broker mise en place infra seb<\/em><\/a><\/div>\n\n\n\n<hr class=\"wp-block-separator has-alpha-channel-opacity is-style-wide\" style=\"margin-top:var(--wp--preset--spacing--10);margin-bottom:var(--wp--preset--spacing--20)\"\/>\n\n\n\n<h4 class=\"wp-block-heading\"><strong>Activit\u00e9 3 Exemple 1 : Mise en place d&rsquo;un cluster Proxmox avec NFS partag\u00e9, VPN, DNS split-horizon et pare-feu multicouche<\/strong>, <strong><em>domaine caplot-it.fr chez OVH et installation de certificats SSL Let&rsquo;s Encrypt<\/em><\/strong><\/h4>\n\n\n\n<div class=\"wp-block-file\"><a id=\"wp-block-file--media-42f95cb4-b4d1-4004-b295-29547c7f5027\" href=\"https:\/\/caplot-it.fr\/wp-content\/uploads\/2025\/11\/Optimisation-OpenVPN-1-1.pdf\" target=\"_blank\" rel=\"noreferrer noopener\"><em>Optimisation OpenVPN\u202f<\/em><\/a><\/div>\n\n\n\n<div class=\"wp-block-file\"><a id=\"wp-block-file--media-70520715-d0fb-4e2f-8f2d-c34381713c5d\" href=\"https:\/\/caplot-it.fr\/wp-content\/uploads\/2025\/11\/Cluster-Proxmox-avec-migration-live-HA-1.pdf\" target=\"_blank\" rel=\"noreferrer noopener\"><em>Cluster Proxmox avec migration live &amp; HA<\/em><\/a><\/div>\n\n\n\n<div class=\"wp-block-file\"><a id=\"wp-block-file--media-da70752c-7ed4-4542-bdd1-02e372529517\" href=\"https:\/\/caplot-it.fr\/wp-content\/uploads\/2025\/11\/Mettre-en-place-DNS-dynamique-et-certificats-Lets-Encrypt-1.pdf\" target=\"_blank\" rel=\"noreferrer noopener\"><em>Mettre en place DNS dynamique et certificats Let&rsquo;s Encrypt<\/em><\/a><\/div>\n\n\n\n<div class=\"wp-block-file\"><a id=\"wp-block-file--media-38728f71-d74e-4e16-b1bc-fb7f0e1bb36e\" href=\"https:\/\/caplot-it.fr\/wp-content\/uploads\/2025\/11\/Tuto-complet-Securisation-de-lInfrastructureProxmox-avec-VPN-OpenVPN-et-DNS-Split-Horizon.pdf\" target=\"_blank\" rel=\"noreferrer noopener\"><em>Tuto complet S\u00e9curisation de l&rsquo;InfrastructureProxmox avec VPN OpenVPN et DNS Split-Horizon<\/em><\/a><\/div>\n\n\n\n<div class=\"wp-block-file\"><a id=\"wp-block-file--media-3f879a06-bd4e-4a65-8a1b-71acfe403702\" href=\"http:\/\/caplot-it.fr\/wp-content\/uploads\/2025\/11\/Mettre-en-place-DNS-dynamique-et-certificats-Lets-Encrypt-1.pdf\" target=\"_blank\" rel=\"noreferrer noopener\"><em>Mettre en place DNS dynamique et certificats Let&rsquo;s Encrypt<\/em><\/a><\/div>\n\n\n\n<hr class=\"wp-block-separator has-alpha-channel-opacity is-style-wide\" style=\"margin-top:var(--wp--preset--spacing--10);margin-bottom:var(--wp--preset--spacing--20)\"\/>\n\n\n\n<h4 class=\"wp-block-heading\"><strong>Activit\u00e9 4 Exemple 1 : Strat\u00e9gie de sauvegarde compl\u00e8te<\/strong><\/h4>\n\n\n\n<div class=\"wp-block-file\"><a id=\"wp-block-file--media-f5a4f8c6-7e7c-4c26-8d44-954f69b3c245\" href=\"https:\/\/caplot-it.fr\/wp-content\/uploads\/2025\/11\/Sauvegardes-et-restauration.pdf\" target=\"_blank\" rel=\"noreferrer noopener\"><em>Sauvegardes et restauration<\/em><\/a><\/div>\n\n\n\n<hr class=\"wp-block-separator has-alpha-channel-opacity is-style-wide\" style=\"margin-top:var(--wp--preset--spacing--10);margin-bottom:var(--wp--preset--spacing--20)\"\/>\n\n\n\n<h4 class=\"wp-block-heading\"><strong>Activit\u00e9 5 Exemple 2 : Migration Windows 11 stage Taransaud<\/strong><\/h4>\n\n\n\n<div class=\"wp-block-file\"><a id=\"wp-block-file--media-63859d92-c7fb-46cb-bdb0-e3a46e8077d2\" href=\"https:\/\/caplot-it.fr\/wp-content\/uploads\/2025\/11\/Procedure-migration-Complete.pdf\" target=\"_blank\" rel=\"noreferrer noopener\"><em>Proc\u00e9dure migration Compl\u00e8te<\/em><\/a><\/div>\n\n\n\n<hr class=\"wp-block-separator has-alpha-channel-opacity is-style-wide\" style=\"margin-top:var(--wp--preset--spacing--10);margin-bottom:var(--wp--preset--spacing--20)\"\/>\n\n\n\n<h4 class=\"wp-block-heading\"><strong>Activit\u00e9 5 Exemple 3 : Cr\u00e9ation de scripts PowerShell d&rsquo;automatisation et d\u00e9veloppement d&rsquo;application PowerApps<\/strong><\/h4>\n\n\n\n<div class=\"wp-block-file\"><a id=\"wp-block-file--media-3f54d6b4-5b1b-4c6f-bd40-e6997bd853b5\" href=\"https:\/\/caplot-it.fr\/wp-content\/uploads\/2025\/11\/Script-stage-1.txt\" target=\"_blank\" rel=\"noreferrer noopener\"><em>Script stage<\/em><\/a><\/div>\n\n\n\n<div class=\"wp-block-file\"><a id=\"wp-block-file--media-de918ba4-a281-455a-929a-5021e67ef07c\" href=\"https:\/\/caplot-it.fr\/wp-content\/uploads\/2025\/11\/Methode-de-deploiement-pare-feu-PDQ-Deploy-pour-deploiement-de-AgentGLPI.pdf\" target=\"_blank\" rel=\"noreferrer noopener\"><em>M\u00e9thode de d\u00e9ploiement pare-feu PDQ Deploy pour d\u00e9ploiement de AgentGLPI<\/em><\/a><\/div>\n\n\n\n<div class=\"wp-block-file\"><a id=\"wp-block-file--media-a83ace0e-8c37-4ddb-ab95-93b4f02e2a4e\" href=\"https:\/\/caplot-it.fr\/wp-content\/uploads\/2025\/11\/Tutoriel-Creation-dune-application-PowerApps-Studio-1.pdf\" target=\"_blank\" rel=\"noreferrer noopener\"><em>Tutoriel Cr\u00e9ation d&rsquo;une application PowerApps Studio<\/em><\/a><\/div>\n","protected":false},"excerpt":{"rendered":"<p>Pr\u00e9sentation &amp; R\u00e9alisations Bienvenue sur la page de pr\u00e9sentation de mon projet de fin de formation TSSR (Technicien Sup\u00e9rieur Syst\u00e8mes et R\u00e9seaux).Ce site rassemble toutes mes r\u00e9alisations, proc\u00e9dures techniques, et ressources documentaires, afin de vous offrir un aper\u00e7u structur\u00e9 du travail men\u00e9 tout au long de la formation. \u00c0 propos du projet Mat\u00e9riels : Proc\u00e9dures [&hellip;]<\/p>\n","protected":false},"author":1,"featured_media":43,"parent":150,"menu_order":2,"comment_status":"closed","ping_status":"closed","template":"","meta":{"footnotes":""},"class_list":["post-3","page","type-page","status-publish","has-post-thumbnail","hentry"],"mb":[],"mfb_rest_fields":["title"],"_links":{"self":[{"href":"https:\/\/caplot-it.fr\/index.php?rest_route=\/wp\/v2\/pages\/3","targetHints":{"allow":["GET"]}}],"collection":[{"href":"https:\/\/caplot-it.fr\/index.php?rest_route=\/wp\/v2\/pages"}],"about":[{"href":"https:\/\/caplot-it.fr\/index.php?rest_route=\/wp\/v2\/types\/page"}],"author":[{"embeddable":true,"href":"https:\/\/caplot-it.fr\/index.php?rest_route=\/wp\/v2\/users\/1"}],"replies":[{"embeddable":true,"href":"https:\/\/caplot-it.fr\/index.php?rest_route=%2Fwp%2Fv2%2Fcomments&post=3"}],"version-history":[{"count":42,"href":"https:\/\/caplot-it.fr\/index.php?rest_route=\/wp\/v2\/pages\/3\/revisions"}],"predecessor-version":[{"id":208,"href":"https:\/\/caplot-it.fr\/index.php?rest_route=\/wp\/v2\/pages\/3\/revisions\/208"}],"up":[{"embeddable":true,"href":"https:\/\/caplot-it.fr\/index.php?rest_route=\/wp\/v2\/pages\/150"}],"wp:featuredmedia":[{"embeddable":true,"href":"https:\/\/caplot-it.fr\/index.php?rest_route=\/wp\/v2\/media\/43"}],"wp:attachment":[{"href":"https:\/\/caplot-it.fr\/index.php?rest_route=%2Fwp%2Fv2%2Fmedia&parent=3"}],"curies":[{"name":"wp","href":"https:\/\/api.w.org\/{rel}","templated":true}]}}