{"id":150,"date":"2025-11-20T20:13:36","date_gmt":"2025-11-20T20:13:36","guid":{"rendered":"https:\/\/caplot-it.fr\/?page_id=150"},"modified":"2025-11-23T22:03:28","modified_gmt":"2025-11-23T21:03:28","slug":"bienvenue-sur-caplot-it","status":"publish","type":"page","link":"https:\/\/caplot-it.fr\/","title":{"rendered":"Bienvenue sur Caplot-IT"},"content":{"rendered":"\n<div class=\"wp-block-group alignfull has-base-2-background-color has-background has-global-padding is-layout-constrained wp-container-core-group-is-layout-669513ed wp-block-group-is-layout-constrained\" style=\"margin-top:0;margin-bottom:0;padding-top:var(--wp--preset--spacing--50);padding-right:var(--wp--preset--spacing--50);padding-bottom:var(--wp--preset--spacing--50);padding-left:var(--wp--preset--spacing--50)\">\n<div class=\"wp-block-columns alignwide has-base-2-background-color has-background is-layout-flex wp-container-core-columns-is-layout-28f84493 wp-block-columns-is-layout-flex\">\n<div class=\"wp-block-column is-layout-flow wp-block-column-is-layout-flow\" style=\"flex-basis:60%\">\n<p class=\"has-heading-font-family has-large-font-size\" style=\"line-height:1.2\">Je suis S\u00e9bastien, en formation Technicien Sup\u00e9rieur Syst\u00e8mes et R\u00e9seaux (TSSR) \u00e0 la CIPECMA et actuellement en formation AIS \u00e0 l\u2019AFPA, passionn\u00e9 par la gestion d\u2019infrastructures, la virtualisation et la s\u00e9curit\u00e9 r\u00e9seau.<a href=\"https:\/\/expernet-campus.re\/wp-content\/uploads\/2021\/09\/TSSR-programme.pdf\" target=\"_blank\" rel=\"noreferrer noopener\"><\/a>\u200b<\/p>\n\n\n\n<p>Mon laboratoire personnel regroupe une infrastructure compl\u00e8te :<\/p>\n\n\n\n<ul class=\"wp-block-list\">\n<li>Routeur Cisco 891F<\/li>\n\n\n\n<li>Commutateur HP 1810-24G<\/li>\n\n\n\n<li>EdgeRouter Ubiquiti pour le routage avanc\u00e9<\/li>\n\n\n\n<li>Point d\u2019acc\u00e8s UniFi pour le Wi-Fi segment\u00e9<\/li>\n\n\n\n<li>Serveurs Proxmox pour la virtualisation<\/li>\n\n\n\n<li>VLANs pour l\u2019isolation des services<\/li>\n<\/ul>\n\n\n\n<h2 class=\"wp-block-heading\">Ce que vous trouverez ici<\/h2>\n\n\n\n<ul class=\"wp-block-list\">\n<li><strong>Projets et r\u00e9alisations<\/strong>&nbsp;: Architecture r\u00e9seau, configuration de VLANs, d\u00e9ploiement de serveurs, virtualisation Proxmox, gestion de GLPI, etc.<\/li>\n\n\n\n<li><strong>Proc\u00e9dures et documentations<\/strong>&nbsp;: Tutoriels d\u00e9taill\u00e9s, scripts, sch\u00e9mas techniques, retours d\u2019exp\u00e9rience sur les d\u00e9fis rencontr\u00e9s.<\/li>\n\n\n\n<li><strong>Actualit\u00e9s et astuces<\/strong>&nbsp;: Mises \u00e0 jour de mes projets, bonnes pratiques, conseils pour la gestion d\u2019infrastructures.<\/li>\n\n\n\n<li><strong>Contact<\/strong>&nbsp;: Pour toute demande, soutenance ou acc\u00e8s \u00e0 mes documentations compl\u00e8tes.<\/li>\n<\/ul>\n\n\n\n<h2 class=\"wp-block-heading\">Mon parcours<\/h2>\n\n\n\n<blockquote class=\"wp-block-quote has-contrast-3-background-color has-background is-layout-flow wp-block-quote-is-layout-flow\">\n<p class=\"has-heading-font-family has-large-font-size\" style=\"line-height:1.2\">Apr\u00e8s une exp\u00e9rience en gestion de magasin, je me r\u00e9oriente vers l\u2019administration d\u2019infrastructures s\u00e9curis\u00e9es, avec pour objectif de devenir administrateur infrastructure et s\u00e9curit\u00e9 (AIS) apr\u00e8s ma formation TSSR. Je partage ici mes exp\u00e9rimentations, mes apprentissages et mes solutions techniques.<\/p>\n<\/blockquote>\n<\/div>\n<\/div>\n<\/div>\n\n\n<nav class=\"is-responsive wp-block-navigation is-layout-flex wp-block-navigation-is-layout-flex\" aria-label=\"Navigation\" \n\t\t data-wp-interactive=\"core\/navigation\" data-wp-context='{\"overlayOpenedBy\":{\"click\":false,\"hover\":false,\"focus\":false},\"type\":\"overlay\",\"roleAttribute\":\"\",\"ariaLabel\":\"Menu\"}'><button aria-haspopup=\"dialog\" aria-label=\"Ouvrir le menu\" class=\"wp-block-navigation__responsive-container-open\" \n\t\t\t\tdata-wp-on-async--click=\"actions.openMenuOnClick\"\n\t\t\t\tdata-wp-on--keydown=\"actions.handleMenuKeydown\"\n\t\t\t><svg width=\"24\" height=\"24\" xmlns=\"http:\/\/www.w3.org\/2000\/svg\" viewBox=\"0 0 24 24\" aria-hidden=\"true\" focusable=\"false\"><rect x=\"4\" y=\"7.5\" width=\"16\" height=\"1.5\" \/><rect x=\"4\" y=\"15\" width=\"16\" height=\"1.5\" \/><\/svg><\/button>\n\t\t\t\t<div class=\"wp-block-navigation__responsive-container\"  id=\"modal-1\" \n\t\t\t\tdata-wp-class--has-modal-open=\"state.isMenuOpen\"\n\t\t\t\tdata-wp-class--is-menu-open=\"state.isMenuOpen\"\n\t\t\t\tdata-wp-watch=\"callbacks.initMenu\"\n\t\t\t\tdata-wp-on--keydown=\"actions.handleMenuKeydown\"\n\t\t\t\tdata-wp-on-async--focusout=\"actions.handleMenuFocusout\"\n\t\t\t\ttabindex=\"-1\"\n\t\t\t>\n\t\t\t\t\t<div class=\"wp-block-navigation__responsive-close\" tabindex=\"-1\">\n\t\t\t\t\t\t<div class=\"wp-block-navigation__responsive-dialog\" \n\t\t\t\tdata-wp-bind--aria-modal=\"state.ariaModal\"\n\t\t\t\tdata-wp-bind--aria-label=\"state.ariaLabel\"\n\t\t\t\tdata-wp-bind--role=\"state.roleAttribute\"\n\t\t\t>\n\t\t\t\t\t\t\t<button aria-label=\"Fermer le menu\" class=\"wp-block-navigation__responsive-container-close\" \n\t\t\t\tdata-wp-on-async--click=\"actions.closeMenuOnClick\"\n\t\t\t><svg xmlns=\"http:\/\/www.w3.org\/2000\/svg\" viewBox=\"0 0 24 24\" width=\"24\" height=\"24\" aria-hidden=\"true\" focusable=\"false\"><path d=\"m13.06 12 6.47-6.47-1.06-1.06L12 10.94 5.53 4.47 4.47 5.53 10.94 12l-6.47 6.47 1.06 1.06L12 13.06l6.47 6.47 1.06-1.06L13.06 12Z\"><\/path><\/svg><\/button>\n\t\t\t\t\t\t\t<div class=\"wp-block-navigation__responsive-container-content\" \n\t\t\t\tdata-wp-watch=\"callbacks.focusFirstElement\"\n\t\t\t id=\"modal-1-content\">\n\t\t\t\t\t\t\t\t<ul class=\"wp-block-navigation__container is-responsive wp-block-navigation\"><li class=\" wp-block-navigation-item wp-block-navigation-link\"><a class=\"wp-block-navigation-item__content\"  href=\"https:\/\/caplot-it.fr\/\"><span class=\"wp-block-navigation-item__label\">Bienvenue sur Caplot-IT<\/span><\/a><\/li><li class=\" wp-block-navigation-item wp-block-navigation-link\"><a class=\"wp-block-navigation-item__content\"  href=\"https:\/\/caplot-it.fr\/?page_id=3\" target=\"_blank\"  ><span class=\"wp-block-navigation-item__label\">Projet TSSR<\/span><\/a><\/li><\/ul>\n\t\t\t\t\t\t\t<\/div>\n\t\t\t\t\t\t<\/div>\n\t\t\t\t\t<\/div>\n\t\t\t\t<\/div><\/nav>","protected":false},"excerpt":{"rendered":"<p>Je suis S\u00e9bastien, en formation Technicien Sup\u00e9rieur Syst\u00e8mes et R\u00e9seaux (TSSR) \u00e0 la CIPECMA et actuellement en formation AIS \u00e0 l\u2019AFPA, passionn\u00e9 par la gestion d\u2019infrastructures, la virtualisation et la s\u00e9curit\u00e9 r\u00e9seau.\u200b Mon laboratoire personnel regroupe une infrastructure compl\u00e8te : Ce que vous trouverez ici Mon parcours Apr\u00e8s une exp\u00e9rience en gestion de magasin, je [&hellip;]<\/p>\n","protected":false},"author":1,"featured_media":155,"parent":0,"menu_order":1,"comment_status":"closed","ping_status":"closed","template":"","meta":{"footnotes":""},"class_list":["post-150","page","type-page","status-publish","has-post-thumbnail","hentry"],"mb":[],"mfb_rest_fields":["title"],"_links":{"self":[{"href":"https:\/\/caplot-it.fr\/index.php?rest_route=\/wp\/v2\/pages\/150","targetHints":{"allow":["GET"]}}],"collection":[{"href":"https:\/\/caplot-it.fr\/index.php?rest_route=\/wp\/v2\/pages"}],"about":[{"href":"https:\/\/caplot-it.fr\/index.php?rest_route=\/wp\/v2\/types\/page"}],"author":[{"embeddable":true,"href":"https:\/\/caplot-it.fr\/index.php?rest_route=\/wp\/v2\/users\/1"}],"replies":[{"embeddable":true,"href":"https:\/\/caplot-it.fr\/index.php?rest_route=%2Fwp%2Fv2%2Fcomments&post=150"}],"version-history":[{"count":12,"href":"https:\/\/caplot-it.fr\/index.php?rest_route=\/wp\/v2\/pages\/150\/revisions"}],"predecessor-version":[{"id":213,"href":"https:\/\/caplot-it.fr\/index.php?rest_route=\/wp\/v2\/pages\/150\/revisions\/213"}],"wp:featuredmedia":[{"embeddable":true,"href":"https:\/\/caplot-it.fr\/index.php?rest_route=\/wp\/v2\/media\/155"}],"wp:attachment":[{"href":"https:\/\/caplot-it.fr\/index.php?rest_route=%2Fwp%2Fv2%2Fmedia&parent=150"}],"curies":[{"name":"wp","href":"https:\/\/api.w.org\/{rel}","templated":true}]}}